{"id":816,"date":"2024-01-14T22:07:42","date_gmt":"2024-01-14T22:07:42","guid":{"rendered":"http:\/\/armoredcombat.at\/?page_id=816"},"modified":"2025-10-19T12:27:48","modified_gmt":"2025-10-19T10:27:48","slug":"datenschutzerklarung","status":"publish","type":"page","link":"https:\/\/armoredcombat.at\/en\/datenschutzerklarung\/","title":{"rendered":"PRIVACY POLICY"},"content":{"rendered":"<div data-elementor-type=\"wp-page\" data-elementor-id=\"816\" class=\"elementor elementor-816\">\n\t\t\t\t<div class=\"elementor-element elementor-element-dfeaf46 e-con-full e-flex wpr-particle-no wpr-jarallax-no wpr-parallax-no wpr-sticky-section-no e-con e-parent\" data-id=\"dfeaf46\" data-element_type=\"container\" data-settings=\"{&quot;content_width&quot;:&quot;full&quot;,&quot;background_background&quot;:&quot;classic&quot;,&quot;background_motion_fx_motion_fx_scrolling&quot;:&quot;yes&quot;,&quot;background_motion_fx_translateY_effect&quot;:&quot;yes&quot;,&quot;background_motion_fx_translateY_speed&quot;:{&quot;unit&quot;:&quot;px&quot;,&quot;size&quot;:10,&quot;sizes&quot;:[]},&quot;background_motion_fx_translateY_affectedRange&quot;:{&quot;unit&quot;:&quot;%&quot;,&quot;size&quot;:&quot;&quot;,&quot;sizes&quot;:{&quot;start&quot;:0,&quot;end&quot;:100}},&quot;background_motion_fx_devices&quot;:[&quot;desktop&quot;,&quot;tablet&quot;,&quot;mobile&quot;]}\" data-core-v316-plus=\"true\">\n\t\t\t\t<div class=\"elementor-element elementor-element-c392d7c elementor-absolute elementor-view-default elementor-widget elementor-widget-icon\" data-id=\"c392d7c\" data-element_type=\"widget\" data-settings=\"{&quot;_position&quot;:&quot;absolute&quot;}\" data-widget_type=\"icon.default\">\n\t\t\t\t<div class=\"elementor-widget-container\">\n\t\t\t\t\t<div class=\"elementor-icon-wrapper\">\n\t\t\t<div class=\"elementor-icon\">\n\t\t\t\t\t\t<\/div>\n\t\t<\/div>\n\t\t\t\t<\/div>\n\t\t\t\t<\/div>\n\t\t\t\t<div class=\"elementor-element elementor-element-6dac34e elementor-absolute elementor-view-default elementor-widget elementor-widget-icon\" data-id=\"6dac34e\" data-element_type=\"widget\" data-settings=\"{&quot;_position&quot;:&quot;absolute&quot;}\" data-widget_type=\"icon.default\">\n\t\t\t\t<div class=\"elementor-widget-container\">\n\t\t\t\t\t<div class=\"elementor-icon-wrapper\">\n\t\t\t<div class=\"elementor-icon\">\n\t\t\t\t\t\t<\/div>\n\t\t<\/div>\n\t\t\t\t<\/div>\n\t\t\t\t<\/div>\n\t\t\t\t<div class=\"elementor-element elementor-element-6de8eb8 elementor-widget elementor-widget-heading\" data-id=\"6de8eb8\" data-element_type=\"widget\" data-widget_type=\"heading.default\">\n\t\t\t\t<div class=\"elementor-widget-container\">\n\t\t\t<style>\/*! elementor - v3.19.0 - 28-02-2024 *\/\n.elementor-heading-title{padding:0;margin:0;line-height:1}.elementor-widget-heading .elementor-heading-title[class*=elementor-size-]>a{color:inherit;font-size:inherit;line-height:inherit}.elementor-widget-heading .elementor-heading-title.elementor-size-small{font-size:15px}.elementor-widget-heading .elementor-heading-title.elementor-size-medium{font-size:19px}.elementor-widget-heading .elementor-heading-title.elementor-size-large{font-size:29px}.elementor-widget-heading .elementor-heading-title.elementor-size-xl{font-size:39px}.elementor-widget-heading .elementor-heading-title.elementor-size-xxl{font-size:59px}<\/style><h2 class=\"elementor-heading-title elementor-size-default\">PRIVACY POLICY<\/h2>\t\t<\/div>\n\t\t\t\t<\/div>\n\t\t\t\t<\/div>\n\t\t<div class=\"elementor-element elementor-element-7a8af4f e-flex e-con-boxed wpr-particle-no wpr-jarallax-no wpr-parallax-no wpr-sticky-section-no e-con e-parent\" data-id=\"7a8af4f\" data-element_type=\"container\" data-settings=\"{&quot;content_width&quot;:&quot;boxed&quot;}\" data-core-v316-plus=\"true\">\n\t\t\t\t\t<div class=\"e-con-inner\">\n\t\t<div class=\"elementor-element elementor-element-9c9a844 e-con-full e-flex wpr-particle-no wpr-jarallax-no wpr-parallax-no wpr-sticky-section-no e-con e-child\" data-id=\"9c9a844\" data-element_type=\"container\" data-settings=\"{&quot;content_width&quot;:&quot;full&quot;}\">\n\t\t\t\t<\/div>\n\t\t<div class=\"elementor-element elementor-element-fa75a53 e-con-full e-flex wpr-particle-no wpr-jarallax-no wpr-parallax-no wpr-sticky-section-no e-con e-child\" data-id=\"fa75a53\" data-element_type=\"container\" data-settings=\"{&quot;content_width&quot;:&quot;full&quot;}\">\n\t\t\t\t<div class=\"elementor-element elementor-element-e77125c elementor-widget elementor-widget-heading\" data-id=\"e77125c\" data-element_type=\"widget\" data-widget_type=\"heading.default\">\n\t\t\t\t<div class=\"elementor-widget-container\">\n\t\t\t<h6 class=\"elementor-heading-title elementor-size-default\">Privacy Policy <\/h6>\t\t<\/div>\n\t\t\t\t<\/div>\n\t\t\t\t<div class=\"elementor-element elementor-element-96ba6b1 elementor-widget-divider--view-line elementor-widget elementor-widget-divider\" data-id=\"96ba6b1\" data-element_type=\"widget\" data-widget_type=\"divider.default\">\n\t\t\t\t<div class=\"elementor-widget-container\">\n\t\t\t<style>\/*! elementor - v3.19.0 - 28-02-2024 *\/\n.elementor-widget-divider{--divider-border-style:none;--divider-border-width:1px;--divider-color:#0c0d0e;--divider-icon-size:20px;--divider-element-spacing:10px;--divider-pattern-height:24px;--divider-pattern-size:20px;--divider-pattern-url:none;--divider-pattern-repeat:repeat-x}.elementor-widget-divider .elementor-divider{display:flex}.elementor-widget-divider .elementor-divider__text{font-size:15px;line-height:1;max-width:95%}.elementor-widget-divider .elementor-divider__element{margin:0 var(--divider-element-spacing);flex-shrink:0}.elementor-widget-divider .elementor-icon{font-size:var(--divider-icon-size)}.elementor-widget-divider .elementor-divider-separator{display:flex;margin:0;direction:ltr}.elementor-widget-divider--view-line_icon .elementor-divider-separator,.elementor-widget-divider--view-line_text .elementor-divider-separator{align-items:center}.elementor-widget-divider--view-line_icon .elementor-divider-separator:after,.elementor-widget-divider--view-line_icon .elementor-divider-separator:before,.elementor-widget-divider--view-line_text .elementor-divider-separator:after,.elementor-widget-divider--view-line_text .elementor-divider-separator:before{display:block;content:\"\";border-block-end:0;flex-grow:1;border-block-start:var(--divider-border-width) var(--divider-border-style) var(--divider-color)}.elementor-widget-divider--element-align-left .elementor-divider .elementor-divider-separator>.elementor-divider__svg:first-of-type{flex-grow:0;flex-shrink:100}.elementor-widget-divider--element-align-left .elementor-divider-separator:before{content:none}.elementor-widget-divider--element-align-left .elementor-divider__element{margin-left:0}.elementor-widget-divider--element-align-right .elementor-divider .elementor-divider-separator>.elementor-divider__svg:last-of-type{flex-grow:0;flex-shrink:100}.elementor-widget-divider--element-align-right .elementor-divider-separator:after{content:none}.elementor-widget-divider--element-align-right .elementor-divider__element{margin-right:0}.elementor-widget-divider--element-align-start .elementor-divider .elementor-divider-separator>.elementor-divider__svg:first-of-type{flex-grow:0;flex-shrink:100}.elementor-widget-divider--element-align-start .elementor-divider-separator:before{content:none}.elementor-widget-divider--element-align-start .elementor-divider__element{margin-inline-start:0}.elementor-widget-divider--element-align-end .elementor-divider .elementor-divider-separator>.elementor-divider__svg:last-of-type{flex-grow:0;flex-shrink:100}.elementor-widget-divider--element-align-end .elementor-divider-separator:after{content:none}.elementor-widget-divider--element-align-end .elementor-divider__element{margin-inline-end:0}.elementor-widget-divider:not(.elementor-widget-divider--view-line_text):not(.elementor-widget-divider--view-line_icon) .elementor-divider-separator{border-block-start:var(--divider-border-width) var(--divider-border-style) var(--divider-color)}.elementor-widget-divider--separator-type-pattern{--divider-border-style:none}.elementor-widget-divider--separator-type-pattern.elementor-widget-divider--view-line .elementor-divider-separator,.elementor-widget-divider--separator-type-pattern:not(.elementor-widget-divider--view-line) .elementor-divider-separator:after,.elementor-widget-divider--separator-type-pattern:not(.elementor-widget-divider--view-line) .elementor-divider-separator:before,.elementor-widget-divider--separator-type-pattern:not([class*=elementor-widget-divider--view]) .elementor-divider-separator{width:100%;min-height:var(--divider-pattern-height);-webkit-mask-size:var(--divider-pattern-size) 100%;mask-size:var(--divider-pattern-size) 100%;-webkit-mask-repeat:var(--divider-pattern-repeat);mask-repeat:var(--divider-pattern-repeat);background-color:var(--divider-color);-webkit-mask-image:var(--divider-pattern-url);mask-image:var(--divider-pattern-url)}.elementor-widget-divider--no-spacing{--divider-pattern-size:auto}.elementor-widget-divider--bg-round{--divider-pattern-repeat:round}.rtl .elementor-widget-divider .elementor-divider__text{direction:rtl}.e-con-inner>.elementor-widget-divider,.e-con>.elementor-widget-divider{width:var(--container-widget-width,100%);--flex-grow:var(--container-widget-flex-grow)}<\/style>\t\t<div class=\"elementor-divider\">\n\t\t\t<span class=\"elementor-divider-separator\">\n\t\t\t\t\t\t<\/span>\n\t\t<\/div>\n\t\t\t\t<\/div>\n\t\t\t\t<\/div>\n\t\t\t\t<div class=\"elementor-element elementor-element-2863a4b elementor-widget elementor-widget-text-editor\" data-id=\"2863a4b\" data-element_type=\"widget\" data-widget_type=\"text-editor.default\">\n\t\t\t\t<div class=\"elementor-widget-container\">\n\t\t\t<style>\/*! elementor - v3.19.0 - 28-02-2024 *\/\n.elementor-widget-text-editor.elementor-drop-cap-view-stacked .elementor-drop-cap{background-color:#69727d;color:#fff}.elementor-widget-text-editor.elementor-drop-cap-view-framed .elementor-drop-cap{color:#69727d;border:3px solid;background-color:transparent}.elementor-widget-text-editor:not(.elementor-drop-cap-view-default) .elementor-drop-cap{margin-top:8px}.elementor-widget-text-editor:not(.elementor-drop-cap-view-default) .elementor-drop-cap-letter{width:1em;height:1em}.elementor-widget-text-editor .elementor-drop-cap{float:left;text-align:center;line-height:1;font-size:50px}.elementor-widget-text-editor .elementor-drop-cap-letter{display:inline-block}<\/style>\t\t\t\t<p data-start=\"326\" data-end=\"346\"><strong data-start=\"326\" data-end=\"346\">As of October 2025<\/strong><\/p><p>We take the protection of your personal data very seriously. Data is processed solely on the basis of the GDPR and Austrian data protection law. Below we inform you about the most relevant aspects of data processing on our website.<br><br><\/p><p>\u00a0<\/p><h3 data-start=\"677\" data-end=\"702\">1. Data Controller<\/h3><p data-start=\"703\" data-end=\"775\">The controller responsible for processing your personal data is:<\/p><p data-start=\"777\" data-end=\"940\"><strong data-start=\"777\" data-end=\"809\">ARMORED COMBAT AUSTRIA (ACA)<\/strong><br data-start=\"809\" data-end=\"812\" \/>ZVR Number: 1515398726<br data-start=\"836\" data-end=\"839\" \/>Address: KLG Neugeb\u00e4ude Schloss Parz. 4, 1110 Vienna, Austria<br data-start=\"866\" data-end=\"869\" \/>Email: <a href=\"mailto:office@armoredcombat.at\"><strong>office@armoredcombat.at<\/strong><\/a><br data-start=\"902\" data-end=\"905\" \/>Phone: +43 (0) 699 106 18 139<br><br><\/p><p data-start=\"777\" data-end=\"940\">\u00a0<\/p><h3 data-start=\"947\" data-end=\"989\">2. <strong>Visiting the Website and Server Log Files<\/strong><\/h3><p data-start=\"991\" data-end=\"1220\">When visiting our website, the following information is automatically stored in server log files:<\/p><ul><li>anonymized IP address<\/li><li>date and time of access<\/li><li>pages visited<\/li><li>browser type and version<\/li><li>operating system<\/li><\/ul><p>This data is technically necessary to display the website, ensure stability and security, and for error analysis.<br \/><strong>Legal basis<\/strong>: Art. 6 (1) f GDPR (legitimate interest).<br \/><strong>Cookies and Tracking<\/strong>: We do <strong>not use cookies<\/strong> and we do <strong>not use tracking tools<\/strong> at all.<br><br><\/p><p>\u00a0<\/p><h3 data-start=\"1227\" data-end=\"1276\">3. <strong>Contact Form and E-Mail Contact<\/strong><\/h3><p>When you use our contact form or send us an e-mail, the data you provide (name, e-mail address, message, optionally phone number) will be processed solely for handling your inquiry.<br \/><strong>Legal basis<\/strong>: Art. 6 (1) a and f GDPR.<br \/>Data will not be passed on to third parties without consent. Data is deleted after the request has been handled unless retention obligations require storage.<br><br><\/p><p>\u00a0<\/p><h3 data-start=\"1904\" data-end=\"1923\">4. Newsletter<\/h3><p>You can subscribe to our newsletter by providing your e-mail address (and optionally your name).<\/p><ul><li><strong>Subscription<\/strong>: Die Anmeldung erfolgt durch einfache Eingabe der E-Mail-Adresse (kein Double-Opt-In).<\/li><li><strong>Unsubscription<\/strong>: Sie k\u00f6nnen sich jederzeit \u00fcber den Abmeldelink im Newsletter abmelden.<\/li><li class=\" translation-block\"><strong>Service Provider<\/strong>: Newsletter distribution is handled by  <strong>Mailchimp<\/strong> (Intuit Inc., USA). Data is stored on servers in the USA. Mailchimp is certified under the EU-U.S. Data Privacy Framework. Mailchimp's privacy policy:<strong><a class=\"cursor-pointer\" target=\"_new\" rel=\"noopener\" data-start=\"2625\" data-end=\"2701\">https:\/\/mailchimp.com\/legal\/privacy\/<\/a><\/strong><\/li><li><strong>Logging<\/strong>: Mailchimp records subscription details (time, IP address) for documentation.<\/li><\/ul><p><strong>Legal basis<\/strong>: Art. 6 (1) a GDPR (consent).<br><br><\/p><p>\u00a0<\/p><h3 data-start=\"2876\" data-end=\"2909\">5. <strong>Publication of Member Clubs and Regional Federations<\/strong><\/h3><p>To foster transparency, we publish information about our member clubs and regional federations:<\/p><ul><li>club name<\/li><li>register number (ZVR)<\/li><li>location and federal state<\/li><li>contact e-mail address<\/li><li>links to social media and websites<\/li><\/ul><p><strong>Legal basis<\/strong>: Art. 6 (1) f GDPR (legitimate interest).<br \/>If personal addresses (e.g. personal e-mail addresses of officials) are published, this is based on consent (Art. 6 (1) a GDPR).<br><br><\/p><p>\u00a0<\/p><h3 data-start=\"3128\" data-end=\"3148\">6. <strong>Rankings, Results and National Teams<\/strong><\/h3><p>As part of our sports operations we publish:<\/p><ul><li>competition results<\/li><li>national rankings<\/li><li>national team lists<\/li><\/ul><p>The following data may be published: name, year of birth, club\/team, gender (if applicable).<br \/>For minors, publication is only permitted with the consent of their legal guardians.<\/p><p class=\" translation-block\"><strong>Legal basis<\/strong>: Art. 6 (1) b and f GDPR.\nAn <strong>objection<\/strong> to publication is possible (Art. 21 GDPR).<br><br><\/p><p>\u00a0<\/p><h3 data-start=\"3698\" data-end=\"3742\">7. <strong>Photos and Videos at Events<\/strong><\/h3><p>At ACA events, photos and videos are taken for documentation and public relations (website, social media, press).<\/p><ul><li><strong>Legal basis<\/strong>: Art. 6 (1) f GDPR (legitimate interest).<\/li><li><strong>Information<\/strong>: Notice is given on site (signs\/announcements).<\/li><li><strong>Portraits<\/strong>: For individual portraits or interviews, consent is obtained (Art. 6 (1) a GDPR).<\/li><\/ul><h3 data-start=\"3822\" data-end=\"3841\">8. <strong>Disclosure to Third Parties<\/strong><\/h3><p>Data is only passed on where necessary to fulfill our association\u2019s tasks or legal obligations, e.g.:<\/p><ul><li>Sport Austria, regional sports organizations, international federations<\/li><li>funding authorities (ministries, cities, federal states)<\/li><li>cooperation partners and service providers (e.g. IT, printing, streaming)<\/li><li>\u00a0<\/li><\/ul><h3 data-start=\"3822\" data-end=\"3841\">9. <strong>Storage and Deletion<\/strong><\/h3><p>Personal data is only stored as long as required for the respective purposes or due to statutory retention periods. Afterwards, data is deleted or anonymized.<\/p><p>Rankings: current season is displayed prominently, older seasons are archived.<br><br><\/p><p>\u00a0<\/p><h3 data-start=\"3822\" data-end=\"3841\">10. <strong>Rights of Data Subjects<\/strong><\/h3><p>You have the following rights under GDPR:<\/p><ul><li>access<\/li><li>rectification<\/li><li>erasure<\/li><li>restriction<\/li><li>objection<\/li><li>data portability<\/li><li>withdrawal of consent.<\/li><\/ul><p class=\" translation-block\">Requests can be sent to the contact above.<br>\nYou also have the right to lodge a complaint with the <strong>Austrian Data Protection Authority <\/strong> (<strong><a href=\"http:\/\/www.dsb.gv.at\" target=\"_self\">www.dsb.gv.at<\/a><\/strong>).<\/p>\t\t\t\t\t\t<\/div>\n\t\t\t\t<\/div>\n\t\t\t\t<\/div>\n\t\t<div class=\"elementor-element elementor-element-49e3c45 e-con-full e-flex wpr-particle-no wpr-jarallax-no wpr-parallax-no wpr-sticky-section-no e-con e-child\" data-id=\"49e3c45\" data-element_type=\"container\" data-settings=\"{&quot;content_width&quot;:&quot;full&quot;}\">\n\t\t\t\t<\/div>\n\t\t\t\t\t<\/div>\n\t\t\t\t<\/div>\n\t\t<div class=\"elementor-element elementor-element-d65eefb e-flex e-con-boxed wpr-particle-no wpr-jarallax-no wpr-parallax-no wpr-sticky-section-no e-con e-parent\" data-id=\"d65eefb\" data-element_type=\"container\" data-settings=\"{&quot;content_width&quot;:&quot;boxed&quot;}\" data-core-v316-plus=\"true\">\n\t\t\t\t\t<div class=\"e-con-inner\">\n\t\t\t\t<div class=\"elementor-element elementor-element-7fd1010 elementor-widget elementor-widget-spacer\" data-id=\"7fd1010\" data-element_type=\"widget\" data-widget_type=\"spacer.default\">\n\t\t\t\t<div class=\"elementor-widget-container\">\n\t\t\t<style>\/*! elementor - v3.19.0 - 28-02-2024 *\/\n.elementor-column .elementor-spacer-inner{height:var(--spacer-size)}.e-con{--container-widget-width:100%}.e-con-inner>.elementor-widget-spacer,.e-con>.elementor-widget-spacer{width:var(--container-widget-width,var(--spacer-size));--align-self:var(--container-widget-align-self,initial);--flex-shrink:0}.e-con-inner>.elementor-widget-spacer>.elementor-widget-container,.e-con>.elementor-widget-spacer>.elementor-widget-container{height:100%;width:100%}.e-con-inner>.elementor-widget-spacer>.elementor-widget-container>.elementor-spacer,.e-con>.elementor-widget-spacer>.elementor-widget-container>.elementor-spacer{height:100%}.e-con-inner>.elementor-widget-spacer>.elementor-widget-container>.elementor-spacer>.elementor-spacer-inner,.e-con>.elementor-widget-spacer>.elementor-widget-container>.elementor-spacer>.elementor-spacer-inner{height:var(--container-widget-height,var(--spacer-size))}.e-con-inner>.elementor-widget-spacer.elementor-widget-empty,.e-con>.elementor-widget-spacer.elementor-widget-empty{position:relative;min-height:22px;min-width:22px}.e-con-inner>.elementor-widget-spacer.elementor-widget-empty .elementor-widget-empty-icon,.e-con>.elementor-widget-spacer.elementor-widget-empty .elementor-widget-empty-icon{position:absolute;top:0;bottom:0;left:0;right:0;margin:auto;padding:0;width:22px;height:22px}<\/style>\t\t<div class=\"elementor-spacer\">\n\t\t\t<div class=\"elementor-spacer-inner\"><\/div>\n\t\t<\/div>\n\t\t\t\t<\/div>\n\t\t\t\t<\/div>\n\t\t\t\t\t<\/div>\n\t\t\t\t<\/div>\n\t\t\t\t<\/div>","protected":false},"excerpt":{"rendered":"<p>Datenschutzerkl\u00e4rung Datenschutz Stand: Oktober 2025 Wir nehmen den Schutz Ihrer pers\u00f6nlichen Daten sehr ernst. Wir verarbeiten personenbezogene Daten ausschlie\u00dflich auf Grundlage der gesetzlichen Bestimmungen (DSGVO, DSG, TKG 2003). In dieser Erkl\u00e4rung informieren wir Sie \u00fcber die wichtigsten Aspekte der Datenverarbeitung im Rahmen unserer Website. \u00a0 1. Verantwortlicher Verantwortlich f\u00fcr die Verarbeitung Ihrer personenbezogenen Daten ist: [&hellip;]<\/p>","protected":false},"author":3,"featured_media":0,"parent":0,"menu_order":0,"comment_status":"closed","ping_status":"closed","template":"","meta":{"inline_featured_image":false,"footnotes":""},"class_list":["post-816","page","type-page","status-publish","hentry"],"_links":{"self":[{"href":"https:\/\/armoredcombat.at\/en\/wp-json\/wp\/v2\/pages\/816","targetHints":{"allow":["GET"]}}],"collection":[{"href":"https:\/\/armoredcombat.at\/en\/wp-json\/wp\/v2\/pages"}],"about":[{"href":"https:\/\/armoredcombat.at\/en\/wp-json\/wp\/v2\/types\/page"}],"author":[{"embeddable":true,"href":"https:\/\/armoredcombat.at\/en\/wp-json\/wp\/v2\/users\/3"}],"replies":[{"embeddable":true,"href":"https:\/\/armoredcombat.at\/en\/wp-json\/wp\/v2\/comments?post=816"}],"version-history":[{"count":40,"href":"https:\/\/armoredcombat.at\/en\/wp-json\/wp\/v2\/pages\/816\/revisions"}],"predecessor-version":[{"id":7102,"href":"https:\/\/armoredcombat.at\/en\/wp-json\/wp\/v2\/pages\/816\/revisions\/7102"}],"wp:attachment":[{"href":"https:\/\/armoredcombat.at\/en\/wp-json\/wp\/v2\/media?parent=816"}],"curies":[{"name":"wp","href":"https:\/\/api.w.org\/{rel}","templated":true}]}}